{"id":103,"date":"2025-09-20T18:44:13","date_gmt":"2025-09-20T18:44:13","guid":{"rendered":"https:\/\/saunageneve.ch\/?page_id=103"},"modified":"2025-09-23T16:37:35","modified_gmt":"2025-09-23T14:37:35","slug":"how-to-sauna","status":"publish","type":"page","link":"https:\/\/saunageneve.ch\/fr\/how-to-sauna\/","title":{"rendered":"Comment Profiter du Sauna \u2013 6 \u00c9tapes pour une S\u00e9ance Parfaite"},"content":{"rendered":"<p>Si vous d\u00e9couvrez la culture du sauna, pas d\u2019inqui\u00e9tude \u2014 tout le monde commence quelque part. Le sauna est simple \u00e0 appr\u00e9cier, mais suivre quelques conseils pour d\u00e9butants et bonnes pratiques rend l\u2019exp\u00e9rience encore meilleure.\n\u00c0 Sauna Gen\u00e8ve, nous vous guidons pas \u00e0 pas avec des r\u00e8gles claires d\u2019\u00e9tiquette et des conseils pratiques, afin que vous soyez \u00e0 l\u2019aise que ce soit votre toute premi\u00e8re visite ou votre centi\u00e8me.<\/p>\n\n\n\n<div class=\"wp-block-buttons is-content-justification-center is-layout-flex wp-container-core-buttons-is-layout-a89b3969 wp-block-buttons-is-layout-flex\">\n<div class=\"wp-block-button\"><a class=\"wp-block-button__link wp-element-button\" href=\"https:\/\/saunageneve.ch\/fr\/book-sauna-geneva-reservation\/\">R\u00e9servez Votre S\u00e9ance de Sauna Maintenant<\/a><\/div>\n<\/div>\n\n\n\n<div class=\"wp-block-cover is-light\"><img decoding=\"async\" width=\"1024\" height=\"683\" class=\"wp-block-cover__image-background wp-image-174 size-large lazyload\" alt=\"Sauna Gen\u00e8ve \u2013 Finnish sauna in Geneva\" data-src=\"https:\/\/saunageneve.ch\/wp-content\/uploads\/2025\/09\/sauna-geneve-finnish-sauna-fr.jpg\" data-object-fit=\"cover\" data-srcset=\"https:\/\/saunageneve.ch\/wp-content\/uploads\/2025\/09\/sauna-geneve-finnish-sauna-fr.jpg 1248w, https:\/\/saunageneve.ch\/wp-content\/uploads\/2025\/09\/sauna-geneve-finnish-sauna-fr-300x200.jpg 300w, https:\/\/saunageneve.ch\/wp-content\/uploads\/2025\/09\/sauna-geneve-finnish-sauna-fr-1024x683.jpg 1024w, https:\/\/saunageneve.ch\/wp-content\/uploads\/2025\/09\/sauna-geneve-finnish-sauna-fr-768x512.jpg 768w, https:\/\/saunageneve.ch\/wp-content\/uploads\/2025\/09\/sauna-geneve-finnish-sauna-fr-18x12.jpg 18w\" data-sizes=\"(max-width: 1024px) 100vw, 1024px\" src=\"data:image\/svg+xml;base64,PHN2ZyB3aWR0aD0iMSIgaGVpZ2h0PSIxIiB4bWxucz0iaHR0cDovL3d3dy53My5vcmcvMjAwMC9zdmciPjwvc3ZnPg==\" style=\"--smush-placeholder-width: 1024px; --smush-placeholder-aspect-ratio: 1024\/683;\" \/><span aria-hidden=\"true\" class=\"wp-block-cover__background has-base-2-background-color has-background-dim-80 has-background-dim\"><\/span><div class=\"wp-block-cover__inner-container has-global-padding is-layout-constrained wp-block-cover-is-layout-constrained\">\n<h2 class=\"wp-block-heading has-large-font-size\">\ud83e\udde5<strong>1. Arriv\u00e9e &amp; Pr\u00e9paration<\/strong> \u2013 Se Mettre Pr\u00eat pour Votre S\u00e9ance<\/h2>\n\n\n\n<p>\u00c0 votre arriv\u00e9e \u00e0 Sauna Gen\u00e8ve (Sauna Geneva), pr\u00e9voyez quelques minutes pour vous installer. Rangez vos affaires dans les casiers, retirez vos bijoux, et changez-vous en peignoir ou par\u00e9o pour circuler entre le sauna, les douches et les zones de d\u00e9tente.\nBeaucoup de visiteurs aiment commencer par un th\u00e9 ou une eau au restaurant voisin \u2014 la mani\u00e8re id\u00e9ale de s\u2019impr\u00e9gner doucement de l\u2019exp\u00e9rience sauna.<\/p>\n\n\n\n<p class=\"has-text-align-center has-large-font-size\"><\/p>\n\n\n\n<p><\/p>\n\n\n\n<p><\/p>\n<\/div><\/div>\n\n\n\n<div class=\"wp-block-media-text is-stacked-on-mobile\"><figure class=\"wp-block-media-text__media\"><img decoding=\"async\" width=\"683\" height=\"1024\" data-src=\"https:\/\/saunageneve.ch\/wp-content\/uploads\/2025\/09\/sauna-geneve-winter-entrance-render-fr.jpg\" alt=\"A person entering Sauna Geneva in winter at at the International Tennis Club in Pregny-Chamb\u00e9sy\" class=\"wp-image-104 size-full lazyload\" data-srcset=\"https:\/\/saunageneve.ch\/wp-content\/uploads\/2025\/09\/sauna-geneve-winter-entrance-render-fr.jpg 1400w, https:\/\/saunageneve.ch\/wp-content\/uploads\/2025\/09\/sauna-geneve-winter-entrance-render-fr-200x300.jpg 200w, https:\/\/saunageneve.ch\/wp-content\/uploads\/2025\/09\/sauna-geneve-winter-entrance-render-fr-683x1024.jpg 683w, https:\/\/saunageneve.ch\/wp-content\/uploads\/2025\/09\/sauna-geneve-winter-entrance-render-fr-768x1152.jpg 768w, https:\/\/saunageneve.ch\/wp-content\/uploads\/2025\/09\/sauna-geneve-winter-entrance-render-fr-1024x1536.jpg 1024w, https:\/\/saunageneve.ch\/wp-content\/uploads\/2025\/09\/sauna-geneve-winter-entrance-render-fr-1365x2048.jpg 1365w, https:\/\/saunageneve.ch\/wp-content\/uploads\/2025\/09\/sauna-geneve-winter-entrance-render-fr-8x12.jpg 8w\" data-sizes=\"(max-width: 683px) 100vw, 683px\" src=\"data:image\/svg+xml;base64,PHN2ZyB3aWR0aD0iMSIgaGVpZ2h0PSIxIiB4bWxucz0iaHR0cDovL3d3dy53My5vcmcvMjAwMC9zdmciPjwvc3ZnPg==\" style=\"--smush-placeholder-width: 683px; --smush-placeholder-aspect-ratio: 683\/1024;\" \/><\/figure><div class=\"wp-block-media-text__content\">\n<h2 class=\"wp-block-heading has-large-font-size\"><strong>\ud83d\udebf 2. Avant d\u2019Entrer<\/strong> \u2013 Conseils pour D\u00e9butants<\/h2>\n\n\n\n<p class=\"has-medium-font-size\">Une douche rapide fait partie de l\u2019\u00e9tiquette du sauna et pr\u00e9pare votre corps. Se laver avant d\u2019entrer garde le sauna propre, ouvre les pores et favorise une meilleure sudation. Apr\u00e8s la douche, s\u00e9chez-vous l\u00e9g\u00e8rement \u2014 entrer sec permet \u00e0 la peau de r\u00e9agir naturellement \u00e0 la chaleur.<\/p>\n\n\n\n<p>Apportez deux serviettes :une grande serviette en coton ou en lin (jamais en microfibre) pour vous asseoir ou vous allonger dans le sauna, et\nune deuxi\u00e8me pour vous s\u00e9cher apr\u00e8s chaque passage (coton ou microfibre conviennent).<\/p>\n<\/div><\/div>\n\n\n\n<div class=\"wp-block-cover\"><img decoding=\"async\" width=\"1024\" height=\"682\" class=\"wp-block-cover__image-background wp-image-98 size-large lazyload\" alt=\"Sauna Gen\u00e8ve \u2013 Finnish sauna in Geneva - interior with towels, water, aroma, ready for l\u00f6yly and aufguss\" data-src=\"https:\/\/saunageneve.ch\/wp-content\/uploads\/2025\/09\/Sauna-Geneve-interior-with-towels-and-water-bucket-for-loyly-horizontal-fr.jpg\" data-object-fit=\"cover\" data-srcset=\"https:\/\/saunageneve.ch\/wp-content\/uploads\/2025\/09\/Sauna-Geneve-interior-with-towels-and-water-bucket-for-loyly-horizontal-fr.jpg 1400w, https:\/\/saunageneve.ch\/wp-content\/uploads\/2025\/09\/Sauna-Geneve-interior-with-towels-and-water-bucket-for-loyly-horizontal-fr-300x200.jpg 300w, https:\/\/saunageneve.ch\/wp-content\/uploads\/2025\/09\/Sauna-Geneve-interior-with-towels-and-water-bucket-for-loyly-horizontal-fr-1024x682.jpg 1024w, https:\/\/saunageneve.ch\/wp-content\/uploads\/2025\/09\/Sauna-Geneve-interior-with-towels-and-water-bucket-for-loyly-horizontal-fr-768x512.jpg 768w, https:\/\/saunageneve.ch\/wp-content\/uploads\/2025\/09\/Sauna-Geneve-interior-with-towels-and-water-bucket-for-loyly-horizontal-fr-18x12.jpg 18w\" data-sizes=\"(max-width: 1024px) 100vw, 1024px\" src=\"data:image\/svg+xml;base64,PHN2ZyB3aWR0aD0iMSIgaGVpZ2h0PSIxIiB4bWxucz0iaHR0cDovL3d3dy53My5vcmcvMjAwMC9zdmciPjwvc3ZnPg==\" style=\"--smush-placeholder-width: 1024px; --smush-placeholder-aspect-ratio: 1024\/682;\" \/><span aria-hidden=\"true\" class=\"wp-block-cover__background has-contrast-2-background-color has-background-dim-80 has-background-dim\"><\/span><div class=\"wp-block-cover__inner-container has-global-padding is-layout-constrained wp-block-cover-is-layout-constrained\">\n<h2 class=\"wp-block-heading has-text-align-center has-large-font-size\"><strong>\ud83d\udd25 3. Dans le Sauna<\/strong> \u2013 \u00c9tiquette &amp; Bonnes Pratiques<\/h2>\n\n\n\n<p class=\"has-text-align-center has-medium-font-size\"><br>Commencez en douceur : choisissez un banc bas pour votre premier tour (5\u201310 minutes). Au fil du temps, vous pourrez monter plus haut ou rester plus longtemps, mais \u00e9coutez toujours votre corps.<\/p>\n\n\n\n<p class=\"has-text-align-center has-medium-font-size\">Le sauna est un lieu de calme \u2014 respectez les autres en parlant doucement, en laissant votre t\u00e9l\u00e9phone \u00e0 l\u2019ext\u00e9rieur, et en savourant le silence.\nNe manquez pas le moment fort : quand l\u2019eau est vers\u00e9e sur les pierres et cr\u00e9e le <em>l\u00f6yly<\/em>, laissez-vous envelopper par cette douce vague de vapeur.<\/p>\n\n\n\n<p class=\"has-text-align-center has-medium-font-size\"><\/p>\n\n\n\n<p><\/p>\n\n\n\n<p><\/p>\n<\/div><\/div>\n\n\n\n<div class=\"wp-block-cover is-light\"><img decoding=\"async\" width=\"1024\" height=\"682\" class=\"wp-block-cover__image-background wp-image-27 size-large lazyload\" alt=\"Sauna Gen\u00e8ve wood-fired sauna in Geneva winter setting\" data-src=\"https:\/\/saunageneve.ch\/wp-content\/uploads\/2025\/09\/sauna-geneve-exterior-winter-render-fr-1.jpg\" data-object-fit=\"cover\" data-srcset=\"https:\/\/saunageneve.ch\/wp-content\/uploads\/2025\/09\/sauna-geneve-exterior-winter-render-fr-1.jpg 1400w, https:\/\/saunageneve.ch\/wp-content\/uploads\/2025\/09\/sauna-geneve-exterior-winter-render-fr-1-300x200.jpg 300w, https:\/\/saunageneve.ch\/wp-content\/uploads\/2025\/09\/sauna-geneve-exterior-winter-render-fr-1-1024x682.jpg 1024w, https:\/\/saunageneve.ch\/wp-content\/uploads\/2025\/09\/sauna-geneve-exterior-winter-render-fr-1-768x512.jpg 768w, https:\/\/saunageneve.ch\/wp-content\/uploads\/2025\/09\/sauna-geneve-exterior-winter-render-fr-1-18x12.jpg 18w\" data-sizes=\"(max-width: 1024px) 100vw, 1024px\" src=\"data:image\/svg+xml;base64,PHN2ZyB3aWR0aD0iMSIgaGVpZ2h0PSIxIiB4bWxucz0iaHR0cDovL3d3dy53My5vcmcvMjAwMC9zdmciPjwvc3ZnPg==\" style=\"--smush-placeholder-width: 1024px; --smush-placeholder-aspect-ratio: 1024\/682;\" \/><span aria-hidden=\"true\" class=\"wp-block-cover__background has-base-2-background-color has-background-dim-80 has-background-dim\"><\/span><div class=\"wp-block-cover__inner-container has-global-padding is-layout-constrained wp-block-cover-is-layout-constrained\">\n<h2 class=\"wp-block-heading has-text-align-left has-large-font-size\"><strong>\u2744\ufe0f 4. Refroidissement<\/strong> \u2013 \u00c9tape Cl\u00e9 du Rituel<\/h2>\n\n\n\n<p class=\"has-text-align-left has-medium-font-size\"><br>Sortez du sauna et rafra\u00eechissez-vous. <\/p>\n\n\n\n<p class=\"has-text-align-left has-medium-font-size\">Vous pouvez respirer l\u2019air vif de l\u2019hiver <br>, vous asperger d\u2019eau froide, ou prendre une <br>douche revigorante.\nCe contraste <br>entre chaud et froid est au c\u0153ur du <br>cycle nordique : il stimule <br>la circulation et laisse une agr\u00e9able sensation <br>de fra\u00eecheur.<\/p>\n\n\n\n<p class=\"has-text-align-left has-medium-font-size\">Le refroidissement, ce n\u2019est pas seulement la temp\u00e9rature \u2014 c\u2019est aussi une pause. Enfilez votre peignoir, sortez prendre l\u2019air, ou installez-vous tranquillement avec un verre d\u2019eau. Ce temps de repos aide votre corps \u00e0 se r\u00e9\u00e9quilibrer avant le prochain tour.<\/p>\n\n\n\n<p><\/p>\n<\/div><\/div>\n\n\n\n<div class=\"wp-block-media-text is-stacked-on-mobile\"><figure class=\"wp-block-media-text__media\"><img decoding=\"async\" width=\"1024\" height=\"725\" data-src=\"https:\/\/saunageneve.ch\/wp-content\/uploads\/2025\/09\/woman-relaxing-in-sauna-fr.jpg\" alt=\"A woman relaxing in a sauna\" class=\"wp-image-105 size-full lazyload\" data-srcset=\"https:\/\/saunageneve.ch\/wp-content\/uploads\/2025\/09\/woman-relaxing-in-sauna-fr.jpg 1400w, https:\/\/saunageneve.ch\/wp-content\/uploads\/2025\/09\/woman-relaxing-in-sauna-fr-300x212.jpg 300w, https:\/\/saunageneve.ch\/wp-content\/uploads\/2025\/09\/woman-relaxing-in-sauna-fr-1024x725.jpg 1024w, https:\/\/saunageneve.ch\/wp-content\/uploads\/2025\/09\/woman-relaxing-in-sauna-fr-768x544.jpg 768w, https:\/\/saunageneve.ch\/wp-content\/uploads\/2025\/09\/woman-relaxing-in-sauna-fr-18x12.jpg 18w\" data-sizes=\"(max-width: 1024px) 100vw, 1024px\" src=\"data:image\/svg+xml;base64,PHN2ZyB3aWR0aD0iMSIgaGVpZ2h0PSIxIiB4bWxucz0iaHR0cDovL3d3dy53My5vcmcvMjAwMC9zdmciPjwvc3ZnPg==\" style=\"--smush-placeholder-width: 1024px; --smush-placeholder-aspect-ratio: 1024\/725;\" \/><\/figure><div class=\"wp-block-media-text__content\">\n<h2 class=\"wp-block-heading has-large-font-size\"><strong>\ud83d\udd04 5. R\u00e9p\u00e9tez le Cycle<\/strong> \u2013 Bien Profiter du Sauna<\/h2>\n\n\n\n<p>La plupart des gens appr\u00e9cient 2\u20133 passages, en alternant chaleur et refroidissement. Prenez votre temps \u2014 ce n\u2019est pas une comp\u00e9tition. Chaque cycle repose sur l\u2019\u00e9quilibre : se r\u00e9chauffer, se rafra\u00eechir, se reposer et se r\u00e9hydrater.<\/p>\n<\/div><\/div>\n\n\n\n<div class=\"wp-block-media-text has-media-on-the-right is-stacked-on-mobile\"><div class=\"wp-block-media-text__content\">\n<h2 class=\"wp-block-heading has-large-font-size\"><strong>\ud83d\udca7 6. Apr\u00e8s le Sauna<\/strong> \u2013 Relaxation &amp; Bienfaits<\/h2>\n\n\n\n<p><br>\u00c0 la fin, laissez votre corps r\u00e9cup\u00e9rer. Buvez de l\u2019eau ou une tisane, reposez-vous quelques minutes et profitez du bien-\u00eatre qui se prolonge apr\u00e8s la s\u00e9ance. Beaucoup d\u00e9crivent ce moment comme un calme profond, o\u00f9 le corps et l\u2019esprit se sentent l\u00e9gers et renouvel\u00e9s.<\/p>\n\n\n\n<p>Pr\u00e9voyez de sortir lentement : accordez 15\u201320 minutes \u00e0 votre organisme pour retrouver son \u00e9tat naturel. Beaucoup de visiteurs prolongent la soir\u00e9e au <a href=\"https:\/\/restaurant-le-tie-break.ch\/\" target=\"_blank\" rel=\"noopener\">restaurant Le Tie-Break<\/a>, juste \u00e0 c\u00f4t\u00e9 \u2014 boisson fra\u00eeche, collation l\u00e9g\u00e8re ou repas chaud : c\u2019est une mani\u00e8re authentiquement nordique de conclure la journ\u00e9e.<\/p>\n<\/div><figure class=\"wp-block-media-text__media\"><img decoding=\"async\" width=\"775\" height=\"1024\" data-src=\"https:\/\/saunageneve.ch\/wp-content\/uploads\/2025\/09\/sauna-refreshing-drink-mojito-style-fr.jpg\" alt=\"Refreshing drink after a sauna session\" class=\"wp-image-106 size-full lazyload\" data-srcset=\"https:\/\/saunageneve.ch\/wp-content\/uploads\/2025\/09\/sauna-refreshing-drink-mojito-style-fr.jpg 1400w, https:\/\/saunageneve.ch\/wp-content\/uploads\/2025\/09\/sauna-refreshing-drink-mojito-style-fr-227x300.jpg 227w, https:\/\/saunageneve.ch\/wp-content\/uploads\/2025\/09\/sauna-refreshing-drink-mojito-style-fr-775x1024.jpg 775w, https:\/\/saunageneve.ch\/wp-content\/uploads\/2025\/09\/sauna-refreshing-drink-mojito-style-fr-768x1015.jpg 768w, https:\/\/saunageneve.ch\/wp-content\/uploads\/2025\/09\/sauna-refreshing-drink-mojito-style-fr-1162x1536.jpg 1162w, https:\/\/saunageneve.ch\/wp-content\/uploads\/2025\/09\/sauna-refreshing-drink-mojito-style-fr-9x12.jpg 9w\" data-sizes=\"(max-width: 775px) 100vw, 775px\" src=\"data:image\/svg+xml;base64,PHN2ZyB3aWR0aD0iMSIgaGVpZ2h0PSIxIiB4bWxucz0iaHR0cDovL3d3dy53My5vcmcvMjAwMC9zdmciPjwvc3ZnPg==\" style=\"--smush-placeholder-width: 775px; --smush-placeholder-aspect-ratio: 775\/1024;\" \/><\/figure><\/div>\n\n\n\n<p><\/p>\n\n\n\n<div class=\"wp-block-buttons is-content-justification-center is-layout-flex wp-container-core-buttons-is-layout-a89b3969 wp-block-buttons-is-layout-flex\">\n<div class=\"wp-block-button\"><a class=\"wp-block-button__link wp-element-button\">R\u00e9servez Votre S\u00e9ance de Sauna Maintenant<\/a><\/div>\n<\/div>\n\n\n\n<p><\/p>\n\n\n\n<h2 class=\"wp-block-heading has-large-font-size\"><strong>\ud83d\ude4b Guidance &amp; Accompagnement<\/strong><\/h2>\n\n\n\n<p>Vous n\u2019\u00eates pas s\u00fbr(e) de la marche \u00e0 suivre ? Notre Saunameister (ma\u00eetre de sauna) est toujours pr\u00e9sent pour vous guider. N\u2019h\u00e9sitez pas \u00e0 poser vos questions avant ou pendant votre visite \u2014 nous veillons \u00e0 ce que vous soyez \u00e0 l\u2019aise.<\/p>\n\n\n\n<h2 class=\"wp-block-heading has-large-font-size\"><strong>Envie d\u2019en savoir plus ?<\/strong><\/h2>\n\n\n\n<p>D\u00e9couvrez nos guides compl\u00e9mentaires :<\/p>\n\n\n\n<ul class=\"wp-block-list\">\n<li><em><a href=\"#\">Qu\u2019est-ce qu\u2019un Sauna &amp; Ses Bienfaits \u2192<\/a><\/em> Histoire, style de vie et avantages sant\u00e9 de ce rituel nordique.<\/li>\n\n\n\n<li><a href=\"https:\/\/saunageneve.ch\/fr\/how-to-sauna\/experience-sauna-traditions-loyly-aufguss-wood\/\">Rituels L\u00f6yly &amp; Aufguss <\/a>\u2192 Pourquoi la vapeur est si sp\u00e9ciale et comment les traditions varient en Europe.<\/li>\n\n\n\n<li><a href=\"https:\/\/saunageneve.ch\/fr\/faq\/\">FAQ <\/a>\u2192 Got questions? From what to bring to how long to stay, our FAQ has the answers.<\/li>\n<\/ul>\n\n\n\n<p><\/p>","protected":false},"excerpt":{"rendered":"<p>If you\u2019re new to sauna culture, don\u2019t worry \u2014 everyone starts somewhere. A sauna is simple to enjoy, but following a few beginner sauna tips and best practices can make your experience even better. At Sauna Gen\u00e8ve, we\u2019ll guide you step by step with clear sauna etiquette and practical advice, so you feel comfortable whether [&hellip;]<\/p>","protected":false},"author":1,"featured_media":0,"parent":0,"menu_order":0,"comment_status":"closed","ping_status":"closed","template":"","meta":{"_uag_custom_page_level_css":"","footnotes":""},"class_list":["post-103","page","type-page","status-publish","hentry"],"uagb_featured_image_src":{"full":false,"thumbnail":false,"medium":false,"medium_large":false,"large":false,"1536x1536":false,"2048x2048":false,"trp-custom-language-flag":false},"uagb_author_info":{"display_name":"marnikuja@yahoo.com","author_link":"https:\/\/saunageneve.ch\/fr\/author\/marnikujayahoo-com\/"},"uagb_comment_info":0,"uagb_excerpt":"If you\u2019re new to sauna culture, don\u2019t worry \u2014 everyone starts somewhere. A sauna is simple to enjoy, but following a few beginner sauna tips and best practices can make your experience even better. At Sauna Gen\u00e8ve, we\u2019ll guide you step by step with clear sauna etiquette and practical advice, so you feel comfortable whether\u2026","_links":{"self":[{"href":"https:\/\/saunageneve.ch\/fr\/wp-json\/wp\/v2\/pages\/103","targetHints":{"allow":["GET"]}}],"collection":[{"href":"https:\/\/saunageneve.ch\/fr\/wp-json\/wp\/v2\/pages"}],"about":[{"href":"https:\/\/saunageneve.ch\/fr\/wp-json\/wp\/v2\/types\/page"}],"author":[{"embeddable":true,"href":"https:\/\/saunageneve.ch\/fr\/wp-json\/wp\/v2\/users\/1"}],"replies":[{"embeddable":true,"href":"https:\/\/saunageneve.ch\/fr\/wp-json\/wp\/v2\/comments?post=103"}],"version-history":[{"count":4,"href":"https:\/\/saunageneve.ch\/fr\/wp-json\/wp\/v2\/pages\/103\/revisions"}],"predecessor-version":[{"id":279,"href":"https:\/\/saunageneve.ch\/fr\/wp-json\/wp\/v2\/pages\/103\/revisions\/279"}],"wp:attachment":[{"href":"https:\/\/saunageneve.ch\/fr\/wp-json\/wp\/v2\/media?parent=103"}],"curies":[{"name":"wp","href":"https:\/\/api.w.org\/{rel}","templated":true}]}}