{"id":3,"date":"2025-09-17T08:50:30","date_gmt":"2025-09-17T08:50:30","guid":{"rendered":"https:\/\/saunageneve.ch\/?page_id=3"},"modified":"2025-09-17T23:06:23","modified_gmt":"2025-09-17T23:06:23","slug":"privacy-policy","status":"publish","type":"page","link":"https:\/\/saunageneve.ch\/fr\/privacy-policy\/","title":{"rendered":"Politique de Confidentialit\u00e9."},"content":{"rendered":"<p><strong>Derni\u00e8re mise \u00e0 jour :<\/strong> 18 September 2025<\/p>\n\n\n\n<p><strong>1. Qui sommes-nous<\/strong> L\u2019adresse de notre site web est : <code>https:\/\/saunageneve.ch\/fr<\/code>. Le responsable du traitement des donn\u00e9es personnelles sur ce site est :<\/p>\n\n\n\n<p><strong>Nikula S\u00e0rl<\/strong> Enregistr\u00e9e dans le canton de Vaud <code>info @ saunageneve.ch<\/code><\/p>\n\n\n\n<p>Vous pouvez contacter notre repr\u00e9sentant d\u00e9sign\u00e9 \u00e0 la protection des donn\u00e9es \u00e0 l\u2019adresse email indiqu\u00e9e ci-dessus.<\/p>\n\n\n\n<hr class=\"wp-block-separator has-alpha-channel-opacity\"\/>\n\n\n\n<p><strong>2. Collecte de donn\u00e9es et finalit\u00e9s du traitement<\/strong> Nous collectons et traitons vos donn\u00e9es personnelles pour les finalit\u00e9s suivantes :<\/p>\n\n\n\n<ul class=\"wp-block-list\">\n<li><strong>R\u00e9servations et services :<\/strong> lors de la r\u00e9servation d\u2019une s\u00e9ance de sauna, nous collectons vos nom, adresse e-mail, num\u00e9ro de t\u00e9l\u00e9phone et donn\u00e9es de paiement afin de traiter votre r\u00e9servation, communiquer avec vous et g\u00e9rer nos registres internes.<\/li>\n\n\n\n<li><strong>Communication :<\/strong> si vous nous contactez par e-mail ou via un formulaire de contact, nous collectons vos nom et adresse e-mail afin de r\u00e9pondre \u00e0 votre demande.<\/li>\n\n\n\n<li><strong>Commentaires :<\/strong> lorsque des visiteurs laissent des commentaires sur le site, nous collectons les donn\u00e9es affich\u00e9es dans le formulaire, ainsi que l\u2019adresse IP et l\u2019agent utilisateur du navigateur afin de d\u00e9tecter les spams.<\/li>\n\n\n\n<li><strong>Analyse du site :<\/strong> nous pouvons utiliser des services d\u2019analyse pour collecter des donn\u00e9es anonymes concernant votre visite (adresse IP, type de navigateur, pages consult\u00e9es). Cela nous aide \u00e0 comprendre l\u2019utilisation du site et \u00e0 am\u00e9liorer ses performances.<\/li>\n\n\n\n<li><strong>Comptes utilisateurs :<\/strong> si vous vous enregistrez sur notre site, nous stockons les informations personnelles que vous fournissez dans votre profil utilisateur.<\/li>\n<\/ul>\n\n\n\n<hr class=\"wp-block-separator has-alpha-channel-opacity\"\/>\n\n\n\n<p><strong>3. Cookies<\/strong> Notre site utilise des cookies pour am\u00e9liorer votre exp\u00e9rience et \u00e0 des fins analytiques. Pour des informations d\u00e9taill\u00e9es sur les cookies utilis\u00e9s, leur finalit\u00e9 et leur dur\u00e9e de conservation, veuillez consulter notre <strong>bandeau de consentement aux cookies<\/strong>. Vous pouvez modifier vos pr\u00e9f\u00e9rences \u00e0 tout moment en cliquant sur l\u2019ic\u00f4ne cookies pr\u00e9sente sur le site.<\/p>\n\n\n\n<hr class=\"wp-block-separator has-alpha-channel-opacity\"\/>\n\n\n\n<p><strong>4. Contenu int\u00e9gr\u00e9 d\u2019autres sites<\/strong> Les articles de ce site peuvent inclure du contenu int\u00e9gr\u00e9 (par ex. vid\u00e9os, images, articles). Le contenu int\u00e9gr\u00e9 se comporte de la m\u00eame mani\u00e8re que si vous visitiez directement le site tiers. Ces sites peuvent collecter vos donn\u00e9es, utiliser des cookies, int\u00e9grer des outils de suivi tiers et suivre vos interactions avec ce contenu.<\/p>\n\n\n\n<hr class=\"wp-block-separator has-alpha-channel-opacity\"\/>\n\n\n\n<p><strong>5. Partage de vos donn\u00e9es<\/strong> Nous partageons vos donn\u00e9es uniquement avec des tiers de confiance n\u00e9cessaires au fonctionnement de nos services :<\/p>\n\n\n\n<ul class=\"wp-block-list\">\n<li><strong>Prestataires de r\u00e9servation et de paiement :<\/strong> pour g\u00e9rer vos r\u00e9servations et paiements s\u00e9curis\u00e9s (ex. Stripe)..<\/li>\n\n\n\n<li><strong>Services de s\u00e9curit\u00e9 et de d\u00e9tection des spams :<\/strong> pour prot\u00e9ger notre site et les donn\u00e9es des utilisateurs.<\/li>\n\n\n\n<li><strong>Autres prestataires de services<\/strong> pour les commentaires ou l\u2019analyse du site.<\/li>\n\n\n\n<li><strong>Service Gravatar :<\/strong> une cha\u00eene anonymis\u00e9e de votre adresse e-mail peut \u00eatre transmise \u00e0 ce service pour afficher votre photo de profil dans les commentaires (voir leur politique : <code>https:\/\/automattic.com\/privacy\/<\/code>.<\/li>\n<\/ul>\n\n\n\n<p>Nous ne vendons ni ne louons vos donn\u00e9es \u00e0 des tiers \u00e0 des fins marketing.<\/p>\n\n\n\n<hr class=\"wp-block-separator has-alpha-channel-opacity\"\/>\n\n\n\n<p><strong>6. Transfert de donn\u00e9es \u00e0 l\u2019\u00e9tranger<\/strong> Certains prestataires peuvent \u00eatre situ\u00e9s hors de Suisse. Dans ce cas, vos donn\u00e9es peuvent \u00eatre transf\u00e9r\u00e9es vers des pays n\u2019offrant pas un niveau de protection \u00e9quivalent. Nous veillons cependant \u00e0 ce que ces prestataires respectent des normes de protection des donn\u00e9es ad\u00e9quates.<\/p>\n\n\n\n<hr class=\"wp-block-separator has-alpha-channel-opacity\"\/>\n\n\n\n<p><strong>7. Conservation des donn\u00e9es<\/strong> Nous conservons vos donn\u00e9es personnelles uniquement pour la dur\u00e9e n\u00e9cessaire :<\/p>\n\n\n\n<ul class=\"wp-block-list\">\n<li><strong>R\u00e9servations :<\/strong> donn\u00e9es conserv\u00e9es <strong>10 ans<\/strong> onform\u00e9ment aux obligations l\u00e9gales suisses en mati\u00e8re commerciale et fiscale.<\/li>\n\n\n\n<li><strong>Commentaires :<\/strong> conserv\u00e9s ind\u00e9finiment pour reconna\u00eetre et approuver automatiquement les suivis.<\/li>\n\n\n\n<li><strong>Comptes utilisateurs :<\/strong> les donn\u00e9es sont stock\u00e9es jusqu\u2019\u00e0 demande de suppression.<\/li>\n<\/ul>\n\n\n\n<hr class=\"wp-block-separator has-alpha-channel-opacity\"\/>\n\n\n\n<p><strong>8. Vos droits<\/strong> Conform\u00e9ment au droit suisse, vous disposez des droits suivants :<\/p>\n\n\n\n<ul class=\"wp-block-list\">\n<li><strong>Acc\u00e8s :<\/strong> obtenir une copie de vos donn\u00e9es.<\/li>\n\n\n\n<li><strong>Rectification :<\/strong> corriger les donn\u00e9es inexactes ou incompl\u00e8tes.<\/li>\n\n\n\n<li><strong>Suppression :<\/strong> demander l\u2019effacement de vos donn\u00e9es (sauf obligations l\u00e9gales de conservation).<\/li>\n\n\n\n<li><strong>Opposition :<\/strong> vous opposer \u00e0 certains traitements, notamment marketing.<\/li>\n\n\n\n<li><strong>Portabilit\u00e9 :<\/strong> recevoir vos donn\u00e9es dans un format structur\u00e9, couramment utilis\u00e9.<\/li>\n\n\n\n<li><strong>Retrait du consentement :<\/strong> si le traitement repose sur votre consentement, vous pouvez le retirer \u00e0 tout moment.<\/li>\n<\/ul>\n\n\n\n<p>Pour exercer vos droits, contactez-nous \u00e0 l\u2019adresse indiqu\u00e9e dans la section 1.<\/p>\n\n\n\n<hr class=\"wp-block-separator has-alpha-channel-opacity\"\/>\n\n\n\n<p><strong>9. S\u00e9curit\u00e9<\/strong> Nous mettons en place des mesures techniques et organisationnelles appropri\u00e9es pour prot\u00e9ger vos donn\u00e9es contre l\u2019acc\u00e8s non autoris\u00e9, la perte, l\u2019abus ou l\u2019alt\u00e9ration. Notre site utilise un chiffrement SSL\/TLS afin d\u2019assurer la transmission s\u00e9curis\u00e9e de vos donn\u00e9es.<\/p>\n\n\n\n<hr class=\"wp-block-separator has-alpha-channel-opacity\"\/>\n\n\n\n<p><strong>10. Dispositions finales<\/strong> Cette politique peut \u00eatre mise \u00e0 jour pour refl\u00e9ter nos pratiques de traitement ou des obligations l\u00e9gales. Nous vous encourageons \u00e0 la consulter r\u00e9guli\u00e8rement. La version la plus r\u00e9cente est toujours disponible sur notre site.<\/p>","protected":false},"excerpt":{"rendered":"<p>Last updated: 18 September 2025 1. Who We Are Our website address is: https:\/\/saunageneve.ch. The data controller responsible for the processing of personal data on this website is: Nikula S\u00e0rl Registered in the Canton of Vaud Email: info@saunageneve.ch You can contact our designated Data Protection representative at the email address provided above. 2. Data Collection [&hellip;]<\/p>","protected":false},"author":1,"featured_media":0,"parent":0,"menu_order":0,"comment_status":"closed","ping_status":"open","template":"","meta":{"_uag_custom_page_level_css":"","footnotes":""},"class_list":["post-3","page","type-page","status-publish","hentry"],"uagb_featured_image_src":{"full":false,"thumbnail":false,"medium":false,"medium_large":false,"large":false,"1536x1536":false,"2048x2048":false,"trp-custom-language-flag":false},"uagb_author_info":{"display_name":"marnikuja@yahoo.com","author_link":"https:\/\/saunageneve.ch\/fr\/author\/marnikujayahoo-com\/"},"uagb_comment_info":0,"uagb_excerpt":"Last updated: 18 September 2025 1. Who We Are Our website address is: https:\/\/saunageneve.ch. The data controller responsible for the processing of personal data on this website is: Nikula S\u00e0rl Registered in the Canton of Vaud Email: info@saunageneve.ch You can contact our designated Data Protection representative at the email address provided above. 2. Data Collection\u2026","_links":{"self":[{"href":"https:\/\/saunageneve.ch\/fr\/wp-json\/wp\/v2\/pages\/3","targetHints":{"allow":["GET"]}}],"collection":[{"href":"https:\/\/saunageneve.ch\/fr\/wp-json\/wp\/v2\/pages"}],"about":[{"href":"https:\/\/saunageneve.ch\/fr\/wp-json\/wp\/v2\/types\/page"}],"author":[{"embeddable":true,"href":"https:\/\/saunageneve.ch\/fr\/wp-json\/wp\/v2\/users\/1"}],"replies":[{"embeddable":true,"href":"https:\/\/saunageneve.ch\/fr\/wp-json\/wp\/v2\/comments?post=3"}],"version-history":[{"count":4,"href":"https:\/\/saunageneve.ch\/fr\/wp-json\/wp\/v2\/pages\/3\/revisions"}],"predecessor-version":[{"id":247,"href":"https:\/\/saunageneve.ch\/fr\/wp-json\/wp\/v2\/pages\/3\/revisions\/247"}],"wp:attachment":[{"href":"https:\/\/saunageneve.ch\/fr\/wp-json\/wp\/v2\/media?parent=3"}],"curies":[{"name":"wp","href":"https:\/\/api.w.org\/{rel}","templated":true}]}}