{"id":301,"date":"2025-09-25T17:18:45","date_gmt":"2025-09-25T15:18:45","guid":{"rendered":"https:\/\/saunageneve.ch\/?page_id=301"},"modified":"2026-01-19T09:21:10","modified_gmt":"2026-01-19T08:21:10","slug":"private-sauna","status":"publish","type":"page","link":"https:\/\/saunageneve.ch\/fr\/book-sauna-geneva-session\/private-sauna\/","title":{"rendered":"Sauna Gen\u00e8ve Privatis\u00e9 | \u00c9v\u00e9nements &amp; R\u00e9servations Exclusives"},"content":{"rendered":"<p>Vous cherchez une id\u00e9e originale pour f\u00eater un anniversaire, organiser une soir\u00e9e priv\u00e9e ou simplement rassembler vos proches ?<\/p>\n\n\n\n<p>\u00c0 Sauna Gen\u00e8ve, situ\u00e9 \u00e0 Pregny-Chamb\u00e9sy juste \u00e0 c\u00f4t\u00e9 de l\u2019International Tennis Club Geneva \u00e0 Bellevue, nous proposons <strong>la privatisation de notre sauna finlandais authentique pour vos \u00e9v\u00e9nements<\/strong> pendant la saison d\u2019hiver (octobre \u2013 mars\/d\u00e9but avril). <\/p>\n\n\n\n<p>Que ce soit pour un anniversaire, une r\u00e9union de famille, une soir\u00e9e entre amis ou un enterrement de vie de jeune fille\/gar\u00e7on, notre sauna est l\u2019endroit id\u00e9al pour vivre une exp\u00e9rience m\u00e9morable, conviviale et relaxante. Vous pouvez <strong>r\u00e9server un sauna privatis\u00e9 \u00e0 Gen\u00e8ve<\/strong> pour votre groupe.<\/p>\n\n\n\n<p><a href=\"https:\/\/finnishsauna.ch\/book-private-sauna-anieres\/\" target=\"_blank\" rel=\"noopener\">See practical info about pricing and availability.<\/a><\/p>\n\n\n\n<div class=\"wp-block-buttons is-layout-flex wp-block-buttons-is-layout-flex\">\n<div class=\"wp-block-button\"><a class=\"wp-block-button__link wp-element-button\">R\u00e9server votre s\u00e9ance priv\u00e9e<\/a><\/div>\n<\/div>\n\n\n\n<h2 class=\"wp-block-heading\">\ud83e\udd73 \u00c9v\u00e9nements &amp; C\u00e9l\u00e9brations (Notre Offre)<\/h2>\n\n\n\n<p>Nous sommes sp\u00e9cialis\u00e9s dans la transformation de rassemblements ordinaires en retraites de bien-\u00eatre inoubliables.<\/p>\n\n\n\n<h3 class=\"wp-block-heading\">\ud83c\udf82 Anniversaires &amp; F\u00eates de Famille<\/h3>\n\n\n\n<div class=\"wp-block-media-text has-media-on-the-right is-stacked-on-mobile\"><div class=\"wp-block-media-text__content\">\n<p>Rendez votre prochaine c\u00e9l\u00e9bration inoubliable avec une exp\u00e9rience sauna priv\u00e9 \u00e0 Gen\u00e8ve. La chaleur nordique, l\u2019ambiance hivernale et le cadre chaleureux cr\u00e9ent l\u2019environnement parfait pour partager rires, d\u00e9tente et bien-\u00eatre.<\/p>\n<\/div><figure class=\"wp-block-media-text__media\"><img decoding=\"async\" width=\"1024\" height=\"682\" data-src=\"https:\/\/saunageneve.ch\/wp-content\/uploads\/2025\/09\/sauna-geneve-fete-anniversaire-fr.jpg\" alt=\"Diverse group of friends celebrating a birthday with private hire of Sauna Geneva.\" class=\"wp-image-306 size-full lazyload\" data-srcset=\"https:\/\/saunageneve.ch\/wp-content\/uploads\/2025\/09\/sauna-geneve-fete-anniversaire-fr.jpg 1400w, https:\/\/saunageneve.ch\/wp-content\/uploads\/2025\/09\/sauna-geneve-fete-anniversaire-fr-300x200.jpg 300w, https:\/\/saunageneve.ch\/wp-content\/uploads\/2025\/09\/sauna-geneve-fete-anniversaire-fr-1024x682.jpg 1024w, https:\/\/saunageneve.ch\/wp-content\/uploads\/2025\/09\/sauna-geneve-fete-anniversaire-fr-768x512.jpg 768w, https:\/\/saunageneve.ch\/wp-content\/uploads\/2025\/09\/sauna-geneve-fete-anniversaire-fr-18x12.jpg 18w\" data-sizes=\"(max-width: 1024px) 100vw, 1024px\" src=\"data:image\/svg+xml;base64,PHN2ZyB3aWR0aD0iMSIgaGVpZ2h0PSIxIiB4bWxucz0iaHR0cDovL3d3dy53My5vcmcvMjAwMC9zdmciPjwvc3ZnPg==\" style=\"--smush-placeholder-width: 1024px; --smush-placeholder-aspect-ratio: 1024\/682;\" \/><\/figure><\/div>\n\n\n\n<ul class=\"wp-block-list\">\n<li><strong>Dur\u00e9e personnalisable :<\/strong> Choisissez parmi <strong>des Retraites d'1 heure, 2 heures ou VIP<\/strong> (voir la tarification ci-dessous).<\/li>\n\n\n\n<li><strong>Capacit\u00e9 :<\/strong> Notre <strong>Location Standard<\/strong> accueille jusqu'\u00e0 <strong>12 personnes<\/strong>.<\/li>\n\n\n\n<li><strong>Encadrement :<\/strong> <strong>Un Saunameister<\/strong> est disponible sur place pour vous guider (inclus dans la Retraite VIP).<\/li>\n\n\n\n<li><strong>Restauration :<\/strong> Plats et boissons sont disponibles juste \u00e0 c\u00f4t\u00e9 au <strong>restaurant Le Tie-Break<\/strong>.<\/li>\n<\/ul>\n\n\n\n<p><em>Id\u00e9al pour les anniversaires, les r\u00e9unions de famille ou les soir\u00e9es conviviales avec une touche saine et relaxante.<\/em><\/p>\n\n\n\n<p><a href=\"#book-private\">R\u00e9servez un sauna priv\u00e9 pour un anniversaire ou une f\u00eate de famille -&gt; <\/a><\/p>\n\n\n\n<h3 class=\"wp-block-heading\">\ud83e\udd42 Soir\u00e9es entre Amis &amp; Sorties d\u2019Hiver<\/h3>\n\n\n\n<p>Oubliez les bars bond\u00e9s \u2014 profitez plut\u00f4t d'une <strong>location de sauna priv\u00e9e<\/strong> ! D\u00e9tendez-vous, discutez et profitez des rituels de sauna finlandais authentiques dans un cadre unique.<\/p>\n\n\n\n<p><em>Parfait pour des retrouvailles hivernales ou une soir\u00e9e de groupe chaleureuse.<\/em><\/p>\n\n\n\n<p><strong>Optionnel :<\/strong> Champagne ou vin apr\u00e8s la s\u00e9ance au Restaurant Le Tie-Break.<\/p>\n\n\n\n<p><a href=\"https:\/\/finnishsauna.ch\/book-private-sauna-anieres\/\" target=\"_blank\" rel=\"noopener\">R\u00e9server une soir\u00e9e sauna priv\u00e9 \u00e0 Gen\u00e8ve --&gt;<\/a><a href=\"#book-now\"><\/a><\/p>\n\n\n\n<h3 class=\"wp-block-heading\">\ud83c\udf89 EVJF &amp; EVG \u00e0 Gen\u00e8ve<\/h3>\n\n\n\n<div class=\"wp-block-media-text has-media-on-the-right is-stacked-on-mobile\"><div class=\"wp-block-media-text__content\">\n<p>Oui \u2014 notre sauna est disponible pour des enterrements de vie de c\u00e9libataire (EVJF\/EVG) \u00e9l\u00e9gants et ax\u00e9s sur le bien-\u00eatre \u00e0 Gen\u00e8ve.<\/p>\n<\/div><figure class=\"wp-block-media-text__media\"><img decoding=\"async\" width=\"1024\" height=\"682\" data-src=\"https:\/\/saunageneve.ch\/wp-content\/uploads\/2025\/09\/Sauna-geneve-enterrement-vie-jeune-fille.jpg\" alt=\"Group of women smiling with bride to be during a hen night at Sauna Geneva private sauna.\" class=\"wp-image-308 size-full lazyload\" data-srcset=\"https:\/\/saunageneve.ch\/wp-content\/uploads\/2025\/09\/Sauna-geneve-enterrement-vie-jeune-fille.jpg 1400w, https:\/\/saunageneve.ch\/wp-content\/uploads\/2025\/09\/Sauna-geneve-enterrement-vie-jeune-fille-300x200.jpg 300w, https:\/\/saunageneve.ch\/wp-content\/uploads\/2025\/09\/Sauna-geneve-enterrement-vie-jeune-fille-1024x682.jpg 1024w, https:\/\/saunageneve.ch\/wp-content\/uploads\/2025\/09\/Sauna-geneve-enterrement-vie-jeune-fille-768x512.jpg 768w, https:\/\/saunageneve.ch\/wp-content\/uploads\/2025\/09\/Sauna-geneve-enterrement-vie-jeune-fille-18x12.jpg 18w\" data-sizes=\"(max-width: 1024px) 100vw, 1024px\" src=\"data:image\/svg+xml;base64,PHN2ZyB3aWR0aD0iMSIgaGVpZ2h0PSIxIiB4bWxucz0iaHR0cDovL3d3dy53My5vcmcvMjAwMC9zdmciPjwvc3ZnPg==\" style=\"--smush-placeholder-width: 1024px; --smush-placeholder-aspect-ratio: 1024\/682;\" \/><\/figure><\/div>\n\n\n\n<p>Veuillez noter:<\/p>\n\n\n\n<ul class=\"wp-block-list\">\n<li>Groupes festifs mais respectueux bienvenus<\/li>\n\n\n\n<li><strong>L'alcool mod\u00e9r\u00e9<\/strong> (champagne, vin) est optionnel \u2014<strong>uniquement autoris\u00e9 \u00e0 l'ext\u00e9rieur de la cabine de sauna.<\/strong> Seule l'eau est autoris\u00e9e \u00e0 l'int\u00e9rieur du sauna.<\/li>\n\n\n\n<li><strong>Taille maximale du groupe :<\/strong> Veuillez consulter notre tableau des tarifs ci-dessous pour les capacit\u00e9s recommand\u00e9es.<\/li>\n<\/ul>\n\n\n\n<p><em>Une alternative \u00e9l\u00e9gante et d\u00e9contract\u00e9e \u00e0 l'enterrement de vie de jeune fille\/gar\u00e7on typique \u2014 parfaite pour rire, se d\u00e9tendre et se rem\u00e9morer des souvenirs sans chaos.<\/em><\/p>\n\n\n\n<p><a href=\"#book-private\">Privatisez Sauna Gen\u00e8ve pour votre \u00e9v\u00e9nement sp\u00e9cial -&gt; <\/a><\/p>\n\n\n\n<h2 class=\"wp-block-heading\" id=\"pricing-availability\">\ud83d\udcb0 Tarification &amp; Disponibilit\u00e9 de la Location Priv\u00e9e<\/h2>\n\n\n\n<p>See <a href=\"https:\/\/finnishsauna.ch\/book-private-sauna-anieres\/\" target=\"_blank\" rel=\"noopener\">Book Your Private Sauna | 60-90-120 Minutes Ani\u00e8res, Geneva<\/a> for private hire pricing.  60-, 90-, and 120 minute sessions available.<\/p>\n\n\n\n<div class=\"wp-block-buttons is-layout-flex wp-block-buttons-is-layout-flex\">\n<div class=\"wp-block-button\"><a class=\"wp-block-button__link wp-element-button\" href=\"https:\/\/finnishsauna.ch\/book-private-sauna-anieres\/\" target=\"_blank\" rel=\"noopener\">R\u00e9server votre sauna priv\u00e9 maintenant<\/a><\/div>\n<\/div>\n\n\n\n<h3 class=\"wp-block-heading\">\ud83c\udf3fAm\u00e9liorez Votre \u00c9v\u00e9nement Standard de 2 Heures (Options Rituels)<\/h3>\n\n\n\n<div class=\"wp-block-media-text has-media-on-the-right is-stacked-on-mobile\"><div class=\"wp-block-media-text__content\">\n<p>Vous souhaitez transformer votre <strong>Location Priv\u00e9e Standard de 2 heures<\/strong> (328 CHF) en un \u00e9v\u00e9nement culturel authentique ? Nous proposons des options de rituels guid\u00e9s pour maximiser votre relaxation et votre plaisir.<\/p>\n<\/div><figure class=\"wp-block-media-text__media\"><img decoding=\"async\" width=\"1024\" height=\"1024\" data-src=\"https:\/\/saunageneve.ch\/wp-content\/uploads\/2025\/09\/Sauna-geneva-vihta-vasta-ritual-fr.jpg\" alt=\"Traditional finnish vihta\/vasta ritual at Sauna Gen\u00e9ve (Sauna Geneva)\" class=\"wp-image-311 size-full lazyload\" data-srcset=\"https:\/\/saunageneve.ch\/wp-content\/uploads\/2025\/09\/Sauna-geneva-vihta-vasta-ritual-fr.jpg 1400w, https:\/\/saunageneve.ch\/wp-content\/uploads\/2025\/09\/Sauna-geneva-vihta-vasta-ritual-fr-300x300.jpg 300w, https:\/\/saunageneve.ch\/wp-content\/uploads\/2025\/09\/Sauna-geneva-vihta-vasta-ritual-fr-1024x1024.jpg 1024w, https:\/\/saunageneve.ch\/wp-content\/uploads\/2025\/09\/Sauna-geneva-vihta-vasta-ritual-fr-150x150.jpg 150w, https:\/\/saunageneve.ch\/wp-content\/uploads\/2025\/09\/Sauna-geneva-vihta-vasta-ritual-fr-768x768.jpg 768w, https:\/\/saunageneve.ch\/wp-content\/uploads\/2025\/09\/Sauna-geneva-vihta-vasta-ritual-fr-12x12.jpg 12w\" data-sizes=\"(max-width: 1024px) 100vw, 1024px\" src=\"data:image\/svg+xml;base64,PHN2ZyB3aWR0aD0iMSIgaGVpZ2h0PSIxIiB4bWxucz0iaHR0cDovL3d3dy53My5vcmcvMjAwMC9zdmciPjwvc3ZnPg==\" style=\"--smush-placeholder-width: 1024px; --smush-placeholder-aspect-ratio: 1024\/1024;\" \/><\/figure><\/div>\n\n\n\n<ul class=\"wp-block-list\">\n<li><strong>Note :<\/strong> Ces options ne sont disponibles que pour <strong>les R\u00e9servations de 2 Heures<\/strong> afin de garantir une exp\u00e9rience de qualit\u00e9 et non pr\u00e9cipit\u00e9e.<\/li>\n\n\n\n<li><strong>Rituel Vihta - Petit Groupe (Max 4) :<\/strong> <strong>120 CHF<\/strong> (Inclut 1 Vihta et initiation guid\u00e9e). <\/li>\n\n\n\n<li><strong>Rituel Vihta - Exp\u00e9rience Compl\u00e8te (Max 8) :<\/strong> <strong>200 CHF<\/strong> (Inclut 2 Vihtas et instructions guid\u00e9es).<\/li>\n<\/ul>\n\n\n\n<h3 class=\"wp-block-heading\">Cat\u00e9gorie 5 : Retraite VIP Exclusive (Le Rituel Finlandais Authentique)<\/h3>\n\n\n\n<p><strong>Prix: 488 CHF (2 heures)<\/strong><\/p>\n\n\n\n<p>Offrez-vous notre exp\u00e9rience la plus luxueuse et authentique. Il s'agit d'un forfait complet, tout compris, parfait pour une occasion vraiment sp\u00e9ciale.<\/p>\n\n\n\n<ul class=\"wp-block-list\">\n<li><strong>Capacit\u00e9 :<\/strong> Nous recommandons un <strong>maximum de 8 invit\u00e9s<\/strong> pour profiter pleinement des rituels guid\u00e9s et des prestations.<\/li>\n\n\n\n<li><strong>Prestations Incluses :<\/strong>\n<ul class=\"wp-block-list\">\n<li>C\u00e9r\u00e9monie <strong>d'Aufguss personnalis\u00e9e<\/strong> avec des huiles essentielles premium.<\/li>\n\n\n\n<li>Initiation <strong>et utilisation<\/strong> du Vihta authentique (3 \u00e0 4 Vihtas frais inclus).<\/li>\n\n\n\n<li>\u00c9clairage immersif <strong>Aurore Bor\u00e9ale<\/strong> (d\u00e8s que disponible).<\/li>\n\n\n\n<li><strong>Service de Serviettes Exclusif :<\/strong> Deux serviettes par personne, incluant une serviette design <strong>Marimekko<\/strong> et une serviette Hammam douce.<\/li>\n\n\n\n<li>S\u00e9lection premium de tisanes et d'eau.<\/li>\n<\/ul>\n<\/li>\n<\/ul>\n\n\n\n<h4 class=\"wp-block-heading\">\ud83d\uddd3\ufe0fR\u00e9servez Votre S\u00e9ance Exclusive Maintenant<\/h4>\n\n\n\n<p>S\u00e9lectionnez votre service et votre heure pr\u00e9f\u00e9r\u00e9s dans le calendrier de r\u00e9servation ci-dessous. Le prix se mettra \u00e0 jour automatiquement en fonction de la cat\u00e9gorie et de l'heure choisies.<\/p>\n\n\n\n<div class=\"wp-block-buttons is-layout-flex wp-block-buttons-is-layout-flex\">\n<div class=\"wp-block-button\"><a class=\"wp-block-button__link wp-element-button\" href=\"https:\/\/finnishsauna.ch\/book-private-sauna-anieres\/\" target=\"_blank\" rel=\"noopener\">R\u00e9server votre s\u00e9ance priv\u00e9e au Sauna Gen\u00e8ve maintenant<\/a><\/div>\n<\/div>\n\n\n\n<h2 class=\"wp-block-heading\">Comment R\u00e9server Votre \u00c9v\u00e9nement Priv\u00e9 au Sauna<\/h2>\n\n\n\n<p>Pour r\u00e9server votre <strong>exp\u00e9rience de sauna priv\u00e9 \u00e0 Gen\u00e8ve<\/strong> et v\u00e9rifier la disponibilit\u00e9 actuelle, veuillez utiliser le formulaire de r\u00e9servation ci-dessous.<\/p>\n\n\n\n<ul class=\"wp-block-list\">\n<li><strong>R\u00e9server via le Formulaire :<\/strong> S\u00e9lectionnez la date, l'heure et la dur\u00e9e de cr\u00e9neau que vous pr\u00e9f\u00e9rez en utilisant le formulaire de r\u00e9servation d\u00e9di\u00e9.<\/li>\n\n\n\n<li><strong>Questions ou Demandes Complexes ?<\/strong> Si vous avez des questions sp\u00e9cifiques concernant les dates, les \u00e9v\u00e9nements d'entreprise ou la disponibilit\u00e9 en milieu de journ\u00e9e, veuillez nous contacter directement ou d\u00e9tailler votre demande dans le formulaire ci-dessous.<\/li>\n<\/ul>\n\n\n\n<hr class=\"wp-block-separator has-alpha-channel-opacity\"\/>\n\n\n\n<h2 class=\"wp-block-heading\" id=\"book-private\">R\u00e9servez maintenant<\/h2>\n\n\n\n<h3 class=\"wp-block-heading\">Politiques Importantes, Conditions G\u00e9n\u00e9rales<\/h3>\n\n\n\n<p><strong>Politique de Serviettes :<\/strong> Veuillez noter que les serviettes sont incluses uniquement avec la Retraite VIP Exclusive. Pour toutes les autres cat\u00e9gories (Super \u00c9conomique, \u00c9conomique, Standard), veuillez apporter vos propres serviettes, ou des serviettes Hammam de haute qualit\u00e9 sont disponibles \u00e0 la location pour 5 CHF chacune.<\/p>\n\n\n\n<p><strong>Politique d'Activit\u00e9 Commerciale :<\/strong> Politique d'Activit\u00e9 Commerciale : Veuillez noter qu'aucune activit\u00e9 commerciale (y compris, mais sans s'y limiter, les ateliers, rituels organis\u00e9s ou s\u00e9ances d'instruction) n'est autoris\u00e9e lors des r\u00e9servations priv\u00e9es sans autorisation \u00e9crite pr\u00e9alable de Sauna Gen\u00e8ve. Cette politique est en place pour garantir un environnement s\u00fbr, assur\u00e9 et professionnel pour tous les clients.<\/p>\n\n\n\n<p><strong>Acceptation &amp; Contact :<\/strong> En soumettant votre demande de r\u00e9servation via le formulaire ci-dessous, vous reconnaissez et acceptez nos <a href=\"https:\/\/saunageneve.ch\/fr\/terms-and-conditions\/\" data-type=\"page\" data-id=\"37\">Conditions G\u00e9n\u00e9rales (CG) <\/a>et <a href=\"https:\/\/saunageneve.ch\/fr\/privacy-policy\/\" data-type=\"page\" data-id=\"3\">Politique de Confidentialit\u00e9.<\/a>.<\/p>\n\n\n\n<h2 class=\"wp-block-heading\">Localisation<\/h2>\n\n\n\n<ul class=\"wp-block-list\">\n<li><strong>Adresse :<\/strong> Sauna Gen\u00e8ve, Plage du D\u00e9barcad\u00e8re, Ani\u00e8res, Canton of Geneva, on the shores of Lac L\u00e9man<\/li>\n\n\n\n<li><strong>Parking :<\/strong> Convenient free parking available on Rte. de Hermance &#8211; 4 hours with disc<\/li>\n\n\n\n<li><strong>Transports publics :<\/strong> Easy access via Bus M from Hermance, Vesenaz, Collonge-Bellerive, Eaux-Vives, and Cornavin<\/li>\n<\/ul>\n\n\n\n<iframe data-src=\"https:\/\/www.google.com\/maps\/embed?pb=!1m18!1m12!1m3!1d22411.69412153443!2d6.19910418707062!3d46.26574266420941!2m3!1f0!2f0!3f0!3m2!1i1024!2i768!4f13.1!3m3!1m2!1s0x478c653459e5107f%3A0x641b75abf0949871!2sSauna%20Gen%C3%A8ve!5e1!3m2!1sen!2sfr!4v1768810264243!5m2!1sen!2sfr\" width=\"600\" height=\"450\" style=\"border:0;\" allowfullscreen=\"\" referrerpolicy=\"no-referrer-when-downgrade\" src=\"data:image\/svg+xml;base64,PHN2ZyB3aWR0aD0iMSIgaGVpZ2h0PSIxIiB4bWxucz0iaHR0cDovL3d3dy53My5vcmcvMjAwMC9zdmciPjwvc3ZnPg==\" class=\"lazyload\" data-load-mode=\"1\"><\/iframe>\n\n\n\n<p><\/p>\n\n\n\n<h2 class=\"wp-block-heading\">Pourquoi r\u00e9server un sauna priv\u00e9 \u00e0 Gen\u00e8ve ?<\/h2>\n\n\n\n<p>Un <strong>sauna privatis\u00e9 \u00e0 Gen\u00e8ve<\/strong> C'est le moyen id\u00e9al de partager chaleur et complicit\u00e9 avec votre groupe. Qu'il s'agisse d'un anniversaire, d'une soir\u00e9e conviviale entre amis ou simplement d'une envie d'\u00e9vasion hivernale unique, r\u00e9server le sauna en exclusivit\u00e9 vous permet de cr\u00e9er l'ambiance. Pas d'inconnus, pas de pr\u00e9cipitation\u00a0; vous profitez simplement de la douce chaleur, des rituels nordiques et d'un moment de d\u00e9tente partag\u00e9.<\/p>\n\n\n\n<p><a href=\"https:\/\/finnishsauna.ch\/book-private-sauna-anieres\/\" target=\"_blank\" rel=\"noopener\">\u2728 Pr\u00eat \u00e0 cr\u00e9er une exp\u00e9rience de groupe inoubliable ?<\/a><\/p>","protected":false},"excerpt":{"rendered":"<p>Looking for a unique way to celebrate, host a private sauna party, or bring people together? At Sauna Gen\u00e8ve in Pregny-Chamb\u00e9sy, right next to the International Tennis Club Geneva in Bellevue, we offer exclusive private sauna events during the winter season (October\u2013March\/early April). Whether it\u2019s a birthday, family gathering, friends\u2019 night, or a bachelor\/bachelorette celebration, [&hellip;]<\/p>","protected":false},"author":1,"featured_media":0,"parent":21,"menu_order":0,"comment_status":"closed","ping_status":"closed","template":"","meta":{"_uag_custom_page_level_css":"","footnotes":""},"class_list":["post-301","page","type-page","status-publish","hentry"],"uagb_featured_image_src":{"full":false,"thumbnail":false,"medium":false,"medium_large":false,"large":false,"1536x1536":false,"2048x2048":false,"trp-custom-language-flag":false},"uagb_author_info":{"display_name":"marnikuja@yahoo.com","author_link":"https:\/\/saunageneve.ch\/fr\/author\/marnikujayahoo-com\/"},"uagb_comment_info":0,"uagb_excerpt":"Looking for a unique way to celebrate, host a private sauna party, or bring people together? At Sauna Gen\u00e8ve in Pregny-Chamb\u00e9sy, right next to the International Tennis Club Geneva in Bellevue, we offer exclusive private sauna events during the winter season (October\u2013March\/early April). Whether it\u2019s a birthday, family gathering, friends\u2019 night, or a bachelor\/bachelorette celebration,\u2026","_links":{"self":[{"href":"https:\/\/saunageneve.ch\/fr\/wp-json\/wp\/v2\/pages\/301","targetHints":{"allow":["GET"]}}],"collection":[{"href":"https:\/\/saunageneve.ch\/fr\/wp-json\/wp\/v2\/pages"}],"about":[{"href":"https:\/\/saunageneve.ch\/fr\/wp-json\/wp\/v2\/types\/page"}],"author":[{"embeddable":true,"href":"https:\/\/saunageneve.ch\/fr\/wp-json\/wp\/v2\/users\/1"}],"replies":[{"embeddable":true,"href":"https:\/\/saunageneve.ch\/fr\/wp-json\/wp\/v2\/comments?post=301"}],"version-history":[{"count":16,"href":"https:\/\/saunageneve.ch\/fr\/wp-json\/wp\/v2\/pages\/301\/revisions"}],"predecessor-version":[{"id":536,"href":"https:\/\/saunageneve.ch\/fr\/wp-json\/wp\/v2\/pages\/301\/revisions\/536"}],"up":[{"embeddable":true,"href":"https:\/\/saunageneve.ch\/fr\/wp-json\/wp\/v2\/pages\/21"}],"wp:attachment":[{"href":"https:\/\/saunageneve.ch\/fr\/wp-json\/wp\/v2\/media?parent=301"}],"curies":[{"name":"wp","href":"https:\/\/api.w.org\/{rel}","templated":true}]}}