{"id":87,"date":"2025-09-20T15:58:46","date_gmt":"2025-09-20T15:58:46","guid":{"rendered":"https:\/\/saunageneve.ch\/?page_id=87"},"modified":"2025-10-18T21:10:16","modified_gmt":"2025-10-18T19:10:16","slug":"what-is-sauna-benefits-tradition","status":"publish","type":"page","link":"https:\/\/saunageneve.ch\/fr\/how-to-sauna\/what-is-sauna-benefits-tradition\/","title":{"rendered":"L\u2019Exp\u00e9rience Sauna \u2013 Rituel Ancien, Bien-\u00catre Moderne, V\u00e9ritables Bienfaits"},"content":{"rendered":"<div class=\"wp-block-group alignfull has-accent-2-background-color has-background has-global-padding is-layout-constrained wp-container-core-group-is-layout-669513ed wp-block-group-is-layout-constrained\" style=\"margin-top:0;margin-bottom:0;padding-top:var(--wp--preset--spacing--50);padding-right:var(--wp--preset--spacing--50);padding-bottom:var(--wp--preset--spacing--50);padding-left:var(--wp--preset--spacing--50)\">\n<div class=\"wp-block-columns alignwide is-layout-flex wp-container-core-columns-is-layout-28f84493 wp-block-columns-is-layout-flex\">\n<div class=\"wp-block-column is-layout-flow wp-block-column-is-layout-flow\" style=\"flex-basis:40%\">\n<p class=\"wp-container-content-0733e5d0\">Sauna Gen\u00e8ve \u2013 D\u00e9couvrez un v\u00e9ritable sauna finlandais \u00e0 Pregny-Chamb\u00e9sy<\/p>\n<\/div>\n\n\n\n<div class=\"wp-block-column is-layout-flow wp-block-column-is-layout-flow\" style=\"flex-basis:60%\">\n<p class=\"has-heading-font-family has-large-font-size\" style=\"line-height:1.2\">Le sauna est l\u2019une des plus anciennes traditions de bien-\u00eatre au monde \u2014 une simple pi\u00e8ce de chaleur et de vapeur qui a fa\u00e7onn\u00e9 les cultures, les communaut\u00e9s et la sant\u00e9 depuis des si\u00e8cles.\n\u00c0 Sauna Gen\u00e8ve, nous vous invitons \u00e0 d\u00e9couvrir les origines du sauna, sa place dans la vie quotidienne nordique, et les nombreux bienfaits qu\u2019il continue d\u2019apporter au corps et \u00e0 l\u2019esprit. <\/p>\n<\/div>\n<\/div>\n\n\n\n<div style=\"height:var(--wp--preset--spacing--40)\" aria-hidden=\"true\" class=\"wp-block-spacer\"><\/div>\n\n\n\n<figure class=\"wp-block-image alignwide size-large is-style-rounded is-style-rounded--1\"><img decoding=\"async\" width=\"1024\" height=\"683\" data-src=\"https:\/\/saunageneve.ch\/wp-content\/uploads\/2025\/09\/Sauna-Geneve-at-evening-sunset-with-logo-rendering-1024x683.jpg\" alt=\"Sauna Gen\u00e8ve Bringing authentic Finnish sauna culture to Geneva\" class=\"wp-image-56 lazyload\" data-srcset=\"https:\/\/saunageneve.ch\/wp-content\/uploads\/2025\/09\/Sauna-Geneve-at-evening-sunset-with-logo-rendering-1024x683.jpg 1024w, https:\/\/saunageneve.ch\/wp-content\/uploads\/2025\/09\/Sauna-Geneve-at-evening-sunset-with-logo-rendering-300x200.jpg 300w, https:\/\/saunageneve.ch\/wp-content\/uploads\/2025\/09\/Sauna-Geneve-at-evening-sunset-with-logo-rendering-768x512.jpg 768w, https:\/\/saunageneve.ch\/wp-content\/uploads\/2025\/09\/Sauna-Geneve-at-evening-sunset-with-logo-rendering.jpg 1248w\" data-sizes=\"(max-width: 1024px) 100vw, 1024px\" src=\"data:image\/svg+xml;base64,PHN2ZyB3aWR0aD0iMSIgaGVpZ2h0PSIxIiB4bWxucz0iaHR0cDovL3d3dy53My5vcmcvMjAwMC9zdmciPjwvc3ZnPg==\" style=\"--smush-placeholder-width: 1024px; --smush-placeholder-aspect-ratio: 1024\/683;\" \/><\/figure>\n<\/div>\n\n\n\n<div class=\"wp-block-group alignfull has-base-background-color has-background has-global-padding is-layout-constrained wp-container-core-group-is-layout-d89aad35 wp-block-group-is-layout-constrained\" style=\"margin-top:0;margin-bottom:0;padding-top:var(--wp--preset--spacing--50);padding-right:var(--wp--preset--spacing--50);padding-bottom:var(--wp--preset--spacing--50);padding-left:var(--wp--preset--spacing--50)\">\n<div class=\"wp-block-columns alignwide is-layout-flex wp-container-core-columns-is-layout-549b0c86 wp-block-columns-is-layout-flex\">\n<div class=\"wp-block-column has-global-padding is-content-justification-left is-layout-constrained wp-container-core-column-is-layout-4f15e8fe wp-block-column-is-layout-constrained\" style=\"flex-basis:40%\">\n<h2 class=\"wp-block-heading\">Qu'est-ce qu'un Sauna ? <\/h2>\n<\/div>\n\n\n\n<div class=\"wp-block-column is-layout-flow wp-container-core-column-is-layout-119bc444 wp-block-column-is-layout-flow\" style=\"flex-basis:60%\">\n<p class=\"has-heading-font-family has-x-large-font-size\" style=\"line-height:1.2\">Un sauna est bien plus qu'une simple pi\u00e8ce chaude \u2014 c'est un rituel nordique s\u00e9culaire de chaleur, de vapeur et de renouveau.<\/p>\n\n\n\n<div class=\"wp-block-columns is-layout-flex wp-container-core-columns-is-layout-87beb0d0 wp-block-columns-is-layout-flex\">\n<div class=\"wp-block-column is-layout-flow wp-block-column-is-layout-flow\">\n<p class=\"wp-container-content-9cfa9a5a\">Originaire de Finlande il y a plus de 2 000 ans, le sauna a toujours \u00e9t\u00e9 un lieu de purification, de relaxation et de communaut\u00e9. Traditionnellement chauff\u00e9s par des po\u00eales \u00e0 bois, les saunas finlandais utilisent des pierres qui lib\u00e8rent du <em>l\u00f6yly<\/em> \u2014 la vague de vapeur qui s'\u00e9l\u00e8ve lorsque l'on y verse de l'eau. Cette vapeur, combin\u00e9e au contraste chaud-froid, rend l'exp\u00e9rience du sauna unique en son genre dans le domaine du bien-\u00eatre. <\/p>\n<\/div>\n\n\n\n<div class=\"wp-block-column is-layout-flow wp-block-column-is-layout-flow\">\n<p>Chez Sauna Gen\u00e8ve (ou Sauna Geneve), nous faisons revivre cet h\u00e9ritage avec un sauna finlandais chauff\u00e9 au bois, associ\u00e9 \u00e0 des rituels d' <em>Aufguss<\/em> d'Europe centrale. C'est une mani\u00e8re unique de faire l'exp\u00e9rience de l'authenticit\u00e9 et de l'innovation \u00e0 Gen\u00e8ve \u2014 que vous veniez pour la relaxation, la r\u00e9cup\u00e9ration ou un rassemblement priv\u00e9.<\/p>\n<\/div>\n<\/div>\n<\/div>\n<\/div>\n<\/div>\n\n\n\n<div class=\"wp-block-cover alignfull is-light has-parallax\" style=\"padding-top:var(--wp--preset--spacing--50);padding-right:var(--wp--preset--spacing--50);padding-bottom:var(--wp--preset--spacing--50);padding-left:var(--wp--preset--spacing--50);min-height:100vh;aspect-ratio:unset;\"><div role=\"img\" aria-label=\"Femme se relaxant apr\u00e8s une s\u00e9ance de sauna \u00e0 Gen\u00e8ve dans l&#039;air hivernal\" class=\"wp-block-cover__image-background wp-image-88 size-large has-parallax lazyload\" style=\"background-position:50% 50%;background-image:inherit\" data-bg-image=\"url(https:\/\/saunageneve.ch\/wp-content\/uploads\/2025\/09\/sauna-geneve-exterior-winter-render-1-1024x682.jpg)\"><\/div><span aria-hidden=\"true\" class=\"wp-block-cover__background has-base-background-color has-background-dim-0 has-background-dim\"><\/span><div class=\"wp-block-cover__inner-container has-global-padding is-layout-constrained wp-container-core-cover-is-layout-e4fd886c wp-block-cover-is-layout-constrained\">\n<div style=\"height:500px\" aria-hidden=\"true\" class=\"wp-block-spacer\"><\/div>\n<\/div><\/div>\n\n\n\n<div class=\"wp-block-group alignfull has-base-background-color has-background has-global-padding is-layout-constrained wp-container-core-group-is-layout-d89aad35 wp-block-group-is-layout-constrained\" style=\"margin-top:0;margin-bottom:0;padding-top:var(--wp--preset--spacing--50);padding-right:var(--wp--preset--spacing--50);padding-bottom:var(--wp--preset--spacing--50);padding-left:var(--wp--preset--spacing--50)\">\n<div class=\"wp-block-columns alignwide is-layout-flex wp-container-core-columns-is-layout-549b0c86 wp-block-columns-is-layout-flex\">\n<div class=\"wp-block-column has-global-padding is-content-justification-left is-layout-constrained wp-container-core-column-is-layout-4f15e8fe wp-block-column-is-layout-constrained\" style=\"flex-basis:40%\">\n<h2 class=\"wp-block-heading\">Le Sauna comme Mode de Vie <\/h2>\n<\/div>\n\n\n\n<div class=\"wp-block-column is-layout-flow wp-container-core-column-is-layout-119bc444 wp-block-column-is-layout-flow\" style=\"flex-basis:60%\">\n<p class=\"has-heading-font-family has-x-large-font-size\" style=\"line-height:1.2\">From family gatherings to community rituals, the sauna embodies a lifestyle of relaxation, resilience, and social connection.<\/p>\n\n\n\n<div class=\"wp-block-columns is-layout-flex wp-container-core-columns-is-layout-87beb0d0 wp-block-columns-is-layout-flex\">\n<div class=\"wp-block-column is-layout-flow wp-block-column-is-layout-flow\">\n<p class=\"wp-container-content-9cfa9a5a\">For centuries, the sauna has been woven into everyday Nordic life \u2014 a place where families and friends gather, business partners meet, and communities connect in the calm of the steam. More than a treatment, it has been a social and cultural tradition that defines balance between body, mind, and community.<\/p>\n<\/div>\n\n\n\n<div class=\"wp-block-column is-layout-flow wp-block-column-is-layout-flow\">\n<p>From its Nordic roots, the sauna tradition has spread worldwide. Today, millions enjoy sauna sessions for stress relief, improved circulation, faster recovery after sport, and better sleep. Unlike a hammam or spa, the sauna emphasizes dry heat and the ritual of alternating between hot steam and fresh air \u2014 making it a unique wellness practice celebrated across the globe.<\/p>\n<\/div>\n<\/div>\n<\/div>\n<\/div>\n<\/div>\n\n\n\n<div class=\"wp-block-buttons is-content-justification-center is-layout-flex wp-container-core-buttons-is-layout-a89b3969 wp-block-buttons-is-layout-flex\">\n<div class=\"wp-block-button\"><a class=\"wp-block-button__link wp-element-button\" href=\"https:\/\/saunageneve.ch\/fr\/book-sauna-geneva-reservation\/\">R\u00e9servez Votre S\u00e9ance de Sauna Maintenant<\/a><\/div>\n<\/div>\n\n\n\n<div style=\"height:36px\" aria-hidden=\"true\" class=\"wp-block-spacer\"><\/div>\n\n\n\n<div class=\"wp-block-group alignfull has-base-2-color has-accent-4-background-color has-text-color has-background has-link-color wp-elements-656fa16c473219cf16403cf5bfe16ce6 has-global-padding is-layout-constrained wp-container-core-group-is-layout-facafb6f wp-block-group-is-layout-constrained\" style=\"margin-top:0;margin-bottom:0;padding-top:var(--wp--preset--spacing--50);padding-right:var(--wp--preset--spacing--50);padding-bottom:var(--wp--preset--spacing--50);padding-left:var(--wp--preset--spacing--50)\">\n<h2 class=\"wp-block-heading has-text-align-center has-contrast-color has-text-color has-link-color wp-elements-167ec713c0c4476b0865dac19b647aac\">Cultural Heritage<\/h2>\n\n\n\n<p class=\"has-contrast-color has-text-color has-link-color wp-elements-336adbead36c2744fd23aad544bcbfd0\">In 2020, Finnish sauna culture was inscribed on UNESCO\u2019s Representative List of the Intangible Cultural Heritage of Humanity. This recognition highlights the sauna not only as a place for cleansing and relaxation, but as a cultural tradition deeply tied to community, wellbeing, and everyday life in Finland.<\/p>\n\n\n\n<p class=\"has-contrast-color has-text-color has-link-color wp-elements-fce1ab9ca8dfb748e38ca83b23677881\">L\u2019 <a href=\"https:\/\/ich.unesco.org\/fr\/RL\/la-culture-du-sauna-en-finlande-01596?RL=01596\" target=\"_blank\" rel=\"noopener\">UNESCO<\/a> designation acknowledges how sauna traditions have been passed down through generations \u2014 shaping social gatherings, family rituals, and moments of reflection. Saunas are places of equality and openness, where everyone, regardless of background, shares the same heat and steam.<\/p>\n\n\n\n<p class=\"has-contrast-color has-text-color has-link-color wp-elements-fabc92d4b32e765aa3f48481cfcbbe11\">At Sauna Gen\u00e8ve, we bring this UNESCO-recognized heritage to life. By experiencing an authentic wood-fired Finnish sauna with l\u00f6yly steam at Sauna Geneve, guests are not only relaxing their body and mind but also connecting with a living cultural tradition celebrated worldwide.<\/p>\n\n\n\n<div class=\"wp-block-uagb-image uagb-block-76c63e41 wp-block-uagb-image--layout-default wp-block-uagb-image--effect-static wp-block-uagb-image--align-none\"><figure class=\"wp-block-uagb-image__figure\"><img decoding=\"async\" data-srcset=\"https:\/\/saunageneve.ch\/wp-content\/uploads\/2025\/09\/Finnish-sauna-in-winter-exterior-with-deck-2-fr.jpg 1400w, https:\/\/saunageneve.ch\/wp-content\/uploads\/2025\/09\/Finnish-sauna-in-winter-exterior-with-deck-2-fr-300x200.jpg 300w, https:\/\/saunageneve.ch\/wp-content\/uploads\/2025\/09\/Finnish-sauna-in-winter-exterior-with-deck-2-fr-1024x682.jpg 1024w, https:\/\/saunageneve.ch\/wp-content\/uploads\/2025\/09\/Finnish-sauna-in-winter-exterior-with-deck-2-fr-768x512.jpg 768w, https:\/\/saunageneve.ch\/wp-content\/uploads\/2025\/09\/Finnish-sauna-in-winter-exterior-with-deck-2-fr-18x12.jpg 18w\" data-sizes=\"auto, (max-width: 480px) 150px\" data-src=\"https:\/\/saunageneve.ch\/wp-content\/uploads\/2025\/09\/Finnish-sauna-in-winter-exterior-with-deck-2-fr.jpg\" alt=\"Finnish sauna provides a relaxing atmosphere in winter exterior with deck\" class=\"uag-image-12 lazyload\" width=\"1024\" height=\"683\" title=\"Sauna Gen\u00e8ve \u2013 Authentic Nordic sauna experience\" role=\"img\" src=\"data:image\/svg+xml;base64,PHN2ZyB3aWR0aD0iMSIgaGVpZ2h0PSIxIiB4bWxucz0iaHR0cDovL3d3dy53My5vcmcvMjAwMC9zdmciPjwvc3ZnPg==\" style=\"--smush-placeholder-width: 1024px; --smush-placeholder-aspect-ratio: 1024\/683;\" \/><\/figure><\/div>\n\n\n\n<p class=\"has-small-font-size\"><em>Discover the authentic Finnish sauna experience at Sauna Gen\u00e8ve \u2014 where culture, heritage, and tradition meet. Rooted in centuries-old origins, the sauna is a place of relaxation, community, and health benefits that continue to enrich modern life.<\/em><\/p>\n<\/div>\n\n\n\n<div class=\"wp-block-group alignfull has-base-2-color has-text-color has-background has-link-color wp-elements-3d4781382096b199f7a3e3694ed7ae3c has-global-padding is-layout-constrained wp-container-core-group-is-layout-facafb6f wp-block-group-is-layout-constrained\" style=\"background-color:#314a0a;margin-top:0;margin-bottom:0;padding-top:var(--wp--preset--spacing--50);padding-right:var(--wp--preset--spacing--50);padding-bottom:var(--wp--preset--spacing--50);padding-left:var(--wp--preset--spacing--50)\">\n<h2 class=\"wp-block-heading has-text-align-center has-base-2-color has-text-color has-link-color wp-elements-b7f72a008c974fa28bd1c2f17fe58a7a\">Benefits of Sauna<\/h2>\n\n\n\n<p>For centuries, people in Finland and across the Nordic countries have turned to the sauna for relaxation, recovery, and social connection. Today, science supports what tradition has long known: regular sauna use can be good for both body and mind. Whether you\u2019re looking for a moment of calm, faster muscle recovery, or a boost to your overall well-being, Sauna Geneva offers a wide range of benefits \u2013 and during the winter months in Geneva, the contrast of heat and crisp air makes the effect even more powerful.<\/p>\n\n\n\n<figure class=\"wp-block-image size-full\"><img decoding=\"async\" width=\"816\" height=\"543\" data-src=\"https:\/\/saunageneve.ch\/wp-content\/uploads\/2025\/09\/benefits-of-sauna-1.jpg\" alt=\"\" class=\"wp-image-90 lazyload\" data-srcset=\"https:\/\/saunageneve.ch\/wp-content\/uploads\/2025\/09\/benefits-of-sauna-1.jpg 816w, https:\/\/saunageneve.ch\/wp-content\/uploads\/2025\/09\/benefits-of-sauna-1-300x200.jpg 300w, https:\/\/saunageneve.ch\/wp-content\/uploads\/2025\/09\/benefits-of-sauna-1-768x511.jpg 768w\" data-sizes=\"(max-width: 816px) 100vw, 816px\" src=\"data:image\/svg+xml;base64,PHN2ZyB3aWR0aD0iMSIgaGVpZ2h0PSIxIiB4bWxucz0iaHR0cDovL3d3dy53My5vcmcvMjAwMC9zdmciPjwvc3ZnPg==\" style=\"--smush-placeholder-width: 816px; --smush-placeholder-aspect-ratio: 816\/543;\" \/><\/figure>\n\n\n\n<div class=\"wp-block-media-text is-stacked-on-mobile\"><figure class=\"wp-block-media-text__media\"><img decoding=\"async\" width=\"1024\" height=\"683\" data-src=\"https:\/\/saunageneve.ch\/wp-content\/uploads\/2025\/09\/man-sitting-in-sauna-with-bucket-1024x683.jpg\" alt=\"Man sitting in the sauna with a bucket ready to throw it on the stones for an authentic sauna experience\" class=\"wp-image-91 size-full lazyload\" data-srcset=\"https:\/\/saunageneve.ch\/wp-content\/uploads\/2025\/09\/man-sitting-in-sauna-with-bucket-1024x683.jpg 1024w, https:\/\/saunageneve.ch\/wp-content\/uploads\/2025\/09\/man-sitting-in-sauna-with-bucket-300x200.jpg 300w, https:\/\/saunageneve.ch\/wp-content\/uploads\/2025\/09\/man-sitting-in-sauna-with-bucket-768x512.jpg 768w, https:\/\/saunageneve.ch\/wp-content\/uploads\/2025\/09\/man-sitting-in-sauna-with-bucket.jpg 1400w\" data-sizes=\"(max-width: 1024px) 100vw, 1024px\" src=\"data:image\/svg+xml;base64,PHN2ZyB3aWR0aD0iMSIgaGVpZ2h0PSIxIiB4bWxucz0iaHR0cDovL3d3dy53My5vcmcvMjAwMC9zdmciPjwvc3ZnPg==\" style=\"--smush-placeholder-width: 1024px; --smush-placeholder-aspect-ratio: 1024\/683;\" \/><\/figure><div class=\"wp-block-media-text__content\">\n<p><strong>\ud83c\udf3f Physical Benefits<\/strong><\/p>\n\n\n\n<details class=\"wp-block-details is-layout-flow wp-block-details-is-layout-flow\"><summary>Sauna boosts immune system, relieves muscle tension, improves circulation <\/summary>\n<p><strong>Boosts immune system<\/strong><br>Some studies suggest regular sauna bathing may help reduce the frequency of colds and support immune defense.<\/p>\n\n\n\n<p><strong>R<\/strong><\/p>\n\n\n\n<p><strong>Improves circulation<\/strong><br>The change between heat and cooling stimulates blood vessels, supporting cardiovascular health.<\/p>\n\n\n\n<p><strong>Supports skin health<\/strong><br>Sweating helps cleanse pores and can leave skin refreshed and glowing.<\/p>\n\n\n\n<p><\/p>\n\n\n\n<p><strong>Improves sleep quality<\/strong><br>Many sauna bathers report deeper, more restful sleep after a session.<\/p>\n<\/details>\n<\/div><\/div>\n\n\n\n<div class=\"wp-block-media-text has-media-on-the-right is-stacked-on-mobile\"><div class=\"wp-block-media-text__content\">\n<p><strong>\ud83e\uddd8 Mental &amp; Emotional Benefits<\/strong><\/p>\n\n\n\n<details class=\"wp-block-details is-layout-flow wp-block-details-is-layout-flow\"><summary>Sauna helps reduce stress, improve sleep quality and encourages mindfullness and relaxation<\/summary>\n<p><strong>Reduces stress<\/strong><br>The heat and quiet environment allow the body to release endorphins, helping lower stress levels.<\/p>\n\n\n\n<p><strong>Improves sleep quality<\/strong><br>Many sauna bathers report deeper, more restful sleep after a session.<\/p>\n\n\n\n<p><strong>Encourages mindfulness &amp; relaxation<\/strong><br>A sauna session is a moment to disconnect from screens and reconnect with yourself.<\/p>\n<\/details>\n<\/div><figure class=\"wp-block-media-text__media\"><img decoding=\"async\" width=\"1024\" height=\"1024\" data-src=\"https:\/\/saunageneve.ch\/wp-content\/uploads\/2025\/09\/woman-relaxing-in-sauna-towel-fr.jpg\" alt=\"Woman relaxing after a sauna session in Geneva\" class=\"wp-image-61 size-full lazyload\" data-srcset=\"https:\/\/saunageneve.ch\/wp-content\/uploads\/2025\/09\/woman-relaxing-in-sauna-towel-fr.jpg 1400w, https:\/\/saunageneve.ch\/wp-content\/uploads\/2025\/09\/woman-relaxing-in-sauna-towel-fr-300x300.jpg 300w, https:\/\/saunageneve.ch\/wp-content\/uploads\/2025\/09\/woman-relaxing-in-sauna-towel-fr-1024x1024.jpg 1024w, https:\/\/saunageneve.ch\/wp-content\/uploads\/2025\/09\/woman-relaxing-in-sauna-towel-fr-150x150.jpg 150w, https:\/\/saunageneve.ch\/wp-content\/uploads\/2025\/09\/woman-relaxing-in-sauna-towel-fr-768x768.jpg 768w, https:\/\/saunageneve.ch\/wp-content\/uploads\/2025\/09\/woman-relaxing-in-sauna-towel-fr-12x12.jpg 12w\" data-sizes=\"(max-width: 1024px) 100vw, 1024px\" src=\"data:image\/svg+xml;base64,PHN2ZyB3aWR0aD0iMSIgaGVpZ2h0PSIxIiB4bWxucz0iaHR0cDovL3d3dy53My5vcmcvMjAwMC9zdmciPjwvc3ZnPg==\" style=\"--smush-placeholder-width: 1024px; --smush-placeholder-aspect-ratio: 1024\/1024;\" \/><\/figure><\/div>\n\n\n\n<div class=\"wp-block-media-text is-stacked-on-mobile\"><figure class=\"wp-block-media-text__media\"><img decoding=\"async\" width=\"1024\" height=\"682\" data-src=\"https:\/\/saunageneve.ch\/wp-content\/uploads\/2025\/09\/sauna-geneve-interior-evening-group-render-1-1024x682.jpg\" alt=\"Sauna Geneve interior evening group enjoying a tradional finnish sauna - render\" class=\"wp-image-93 size-full lazyload\" data-srcset=\"https:\/\/saunageneve.ch\/wp-content\/uploads\/2025\/09\/sauna-geneve-interior-evening-group-render-1-1024x682.jpg 1024w, https:\/\/saunageneve.ch\/wp-content\/uploads\/2025\/09\/sauna-geneve-interior-evening-group-render-1-300x200.jpg 300w, https:\/\/saunageneve.ch\/wp-content\/uploads\/2025\/09\/sauna-geneve-interior-evening-group-render-1-768x512.jpg 768w, https:\/\/saunageneve.ch\/wp-content\/uploads\/2025\/09\/sauna-geneve-interior-evening-group-render-1.jpg 1400w\" data-sizes=\"(max-width: 1024px) 100vw, 1024px\" src=\"data:image\/svg+xml;base64,PHN2ZyB3aWR0aD0iMSIgaGVpZ2h0PSIxIiB4bWxucz0iaHR0cDovL3d3dy53My5vcmcvMjAwMC9zdmciPjwvc3ZnPg==\" style=\"--smush-placeholder-width: 1024px; --smush-placeholder-aspect-ratio: 1024\/682;\" \/><\/figure><div class=\"wp-block-media-text__content\">\n<p><strong>\ud83e\udd1d Social &amp; Cultural Benefits<\/strong><\/p>\n\n\n\n<details class=\"wp-block-details is-layout-flow wp-block-details-is-layout-flow\"><summary>Saunas can provide a shared ritual and time away from daily routine <\/summary>\n<p><strong>A shared ritual<\/strong><br>In Finland, saunas are places for conversation, bonding, and community \u2013 not just wellness.<\/p>\n\n\n\n<p><strong>Time away from daily routine<\/strong><br>Taking a sauna creates space for reflection, laughter, and connection with others.<\/p>\n\n\n\n<p>\ud83d\udc49 <em>At Sauna Gen\u00e8ve, groups of friends, families, and clubs can also enjoy sauna together as a private experience.<\/em><\/p>\n<\/details>\n<\/div><\/div>\n\n\n\n<p><\/p>\n\n\n\n<p class=\"has-small-font-size\"><strong>\u26a0\ufe0f Important Health Note<\/strong><\/p>\n\n\n\n<p class=\"has-small-font-size\">Saunas are safe for most people when used responsibly. However, if you have:<\/p>\n\n\n\n<ul class=\"wp-block-list\">\n<li class=\"has-small-font-size\">Heart disease or high blood pressure<\/li>\n\n\n\n<li class=\"has-small-font-size\">Respiratory conditions<\/li>\n\n\n\n<li class=\"has-small-font-size\">Other significant health concerns<\/li>\n<\/ul>\n\n\n\n<p class=\"has-small-font-size\">\ud83d\udc49 Please consult your doctor before using the sauna.<\/p>\n\n\n\n<p class=\"has-small-font-size\">Always listen to your body, drink plenty of water, and step out if you feel light-headed or uncomfortable.<\/p>\n\n\n\n<p>If you want to learn more about benefits of sauna, there is an interesting article at <a href=\"https:\/\/www.health.harvard.edu\/blog\/sauna-use-linked-longer-life-fewer-fatal-heart-problems-201502257755\" target=\"_blank\" rel=\"noopener\">Harvard Publishing<\/a>. <\/p>\n\n\n\n<p>If you want to read an <a href=\"https:\/\/jamanetwork.com\/journals\/jamainternalmedicine\/fullarticle\/2130724\" target=\"_blank\" rel=\"noopener\">actual study summary<\/a>, there is an fascinating Finnish study following men for over 20 years, and finding that<strong> <\/strong>increased frequency of sauna beathing is associated with reduced risk<strong> <\/strong>of SCD (sudden cardiac death), CHD (fatal coronary heart disease), CVD (fatal cardiovascular disease), and all cause mortality.<\/p>\n<\/div>\n\n\n\n<div class=\"wp-block-buttons is-content-justification-center is-layout-flex wp-container-core-buttons-is-layout-a89b3969 wp-block-buttons-is-layout-flex\">\n<div class=\"wp-block-button\"><a class=\"wp-block-button__link wp-element-button\" href=\"https:\/\/saunageneve.ch\/fr\/book-sauna-geneva-reservation\/\">R\u00e9servez Votre S\u00e9ance de Sauna Maintenant<\/a><\/div>\n\n\n\n<div class=\"wp-block-button\"><a class=\"wp-block-button__link wp-element-button\">Reserve a Private Sauna<\/a><\/div>\n<\/div>\n\n\n\n<div style=\"height:34px\" aria-hidden=\"true\" class=\"wp-block-spacer\"><\/div>\n\n\n\n<div class=\"wp-block-buttons is-content-justification-center is-layout-flex wp-container-core-buttons-is-layout-a89b3969 wp-block-buttons-is-layout-flex\">\n<div class=\"wp-block-button\"><a class=\"wp-block-button__link wp-element-button\" href=\"https:\/\/saunageneve.ch\/fr\/how-to-sauna\/\">Guide \u201cComment Profiter du Sauna\"<\/a><\/div>\n\n\n\n<div class=\"wp-block-button\"><a class=\"wp-block-button__link wp-element-button\" href=\"https:\/\/saunageneve.ch\/fr\/how-to-sauna\/experience-sauna-traditions-loyly-aufguss-wood\/\">Understand Different Sauna Traditions<\/a><\/div>\n<\/div>\n\n\n\n<p><\/p>","protected":false},"excerpt":{"rendered":"<p>Sauna Gen\u00e8ve &#8211; Visit a true Finnish Sauna now in Pregny-Chamb\u00e9sy &#8211; Sauna Geneva. The sauna is one of the world\u2019s oldest wellness traditions \u2014 a simple room of heat and steam that has shaped cultures, communities, and healthy living for centuries. At Sauna Gen\u00e8ve, we invite you to discover the origins of the sauna, [&hellip;]<\/p>","protected":false},"author":1,"featured_media":0,"parent":103,"menu_order":0,"comment_status":"closed","ping_status":"closed","template":"","meta":{"_uag_custom_page_level_css":"","footnotes":""},"class_list":["post-87","page","type-page","status-publish","hentry"],"uagb_featured_image_src":{"full":false,"thumbnail":false,"medium":false,"medium_large":false,"large":false,"1536x1536":false,"2048x2048":false,"trp-custom-language-flag":false},"uagb_author_info":{"display_name":"marnikuja@yahoo.com","author_link":"https:\/\/saunageneve.ch\/fr\/author\/marnikujayahoo-com\/"},"uagb_comment_info":0,"uagb_excerpt":"Sauna Gen\u00e8ve &#8211; Visit a true Finnish Sauna now in Pregny-Chamb\u00e9sy &#8211; Sauna Geneva. The sauna is one of the world\u2019s oldest wellness traditions \u2014 a simple room of heat and steam that has shaped cultures, communities, and healthy living for centuries. At Sauna Gen\u00e8ve, we invite you to discover the origins of the sauna,\u2026","_links":{"self":[{"href":"https:\/\/saunageneve.ch\/fr\/wp-json\/wp\/v2\/pages\/87","targetHints":{"allow":["GET"]}}],"collection":[{"href":"https:\/\/saunageneve.ch\/fr\/wp-json\/wp\/v2\/pages"}],"about":[{"href":"https:\/\/saunageneve.ch\/fr\/wp-json\/wp\/v2\/types\/page"}],"author":[{"embeddable":true,"href":"https:\/\/saunageneve.ch\/fr\/wp-json\/wp\/v2\/users\/1"}],"replies":[{"embeddable":true,"href":"https:\/\/saunageneve.ch\/fr\/wp-json\/wp\/v2\/comments?post=87"}],"version-history":[{"count":6,"href":"https:\/\/saunageneve.ch\/fr\/wp-json\/wp\/v2\/pages\/87\/revisions"}],"predecessor-version":[{"id":403,"href":"https:\/\/saunageneve.ch\/fr\/wp-json\/wp\/v2\/pages\/87\/revisions\/403"}],"up":[{"embeddable":true,"href":"https:\/\/saunageneve.ch\/fr\/wp-json\/wp\/v2\/pages\/103"}],"wp:attachment":[{"href":"https:\/\/saunageneve.ch\/fr\/wp-json\/wp\/v2\/media?parent=87"}],"curies":[{"name":"wp","href":"https:\/\/api.w.org\/{rel}","templated":true}]}}